{"id":1823,"date":"2016-12-06T09:38:08","date_gmt":"2016-12-06T08:38:08","guid":{"rendered":"https:\/\/coach.geton-training.de\/?page_id=1823"},"modified":"2020-02-20T11:50:37","modified_gmt":"2020-02-20T10:50:37","slug":"datenschutz","status":"publish","type":"page","link":"https:\/\/coachstaging.geton-training.de\/?page_id=1823","title":{"rendered":"Datenschutz"},"content":{"rendered":"<h1>Datenschutz<\/h1>\r\n<h2>Allgemeine Hinweise<\/h2>\r\n\r\n<p>Diese Datenschutzerkl\u00e4rung erl\u00e4utert, wie wir, die Leuphana Universit\u00e4t L\u00fcneburg, im Rahmen einer Teilnahme an Online-Trainings der Abteilung Gesundheitspsychologie und Angewandte Biologische Psychologie auf dieser Seite Ihre personenbezogenen Daten verarbeiten. Die Nutzung eines Online-Trainings ist nur im Rahmen der Teilnahme an einer wissenschaftlichen Studie m\u00f6glich, f\u00fcr die wir Ihr Einverst\u00e4ndnis zur Datenverarbeitung ben\u00f6tigen. Sofern Sie \u00fcber Zugangsdaten zu einem Training auf dieser Seite verf\u00fcgen, haben Sie Ihr Einverst\u00e4ndnis bereits erteilt. \r\nZiel dieser Seite ist die Bereitstellung von Online-Trainings zum Zwecke einer wissenschaftlichen Untersuchung. Zur Erf\u00fcllung des Projektziels werden im Rahmen eines Content-Management-Systems (WordPress) sowie einer Fragebogenplattform (Limesurvey) Daten zur Gesundheit erfasst. Des Weiteren sieht das zu untersuchende Online-Training eine regelm\u00e4\u00dfige Korrespondenz per E-Mail zwischen dem Studienteam und den Studienteilnehmenden vor. W\u00e4hrend der Studienlaufzeit werden die E-Mail-Adressen der Studienteilnehmenden mit einem eindeutigen Code verkn\u00fcpft und in einer Tabelle (MS-Excel) auf einem Server der Universit\u00e4t L\u00fcneburg gespeichert.<\/p>\r\n\r\n<h2>1. Datenschutz<\/h2>\r\n\r\n<p>Die Verarbeitung der personenbezogenen Daten erfolgt ausschlie\u00dflich auf der Grundlage der einschl\u00e4gigen Gesetze und findet nur zu den unter Nr. 5 genannten Zwecken statt. Die Daten werden nur nach den Vorgaben dieser Datenschutzerkl\u00e4rung verarbeitet.<\/p>\r\n\r\n<h2>2. Rechte der betroffenen Person<\/h2>\r\n\r\n<p>Betroffene Personen haben jederzeit das Recht, Auskunft \u00fcber ihre gespeicherten Daten zu erhalten. Weiterhin haben sie das Recht auf Berichtigung, L\u00f6schung, Einschr\u00e4nkung der Verarbeitung, Widerspruch gegen die Verarbeitung sowie das Recht auf Daten\u00fcbertragbarkeit. Der Nutzer hat das Recht, diese Einwilligung jederzeit zu widerrufen, ohne dass die Rechtm\u00e4\u00dfigkeit der aufgrund der Einwilligung bis zum Widerruf erfolgten Verarbeitung ber\u00fchrt wird.<\/p>\r\n\r\n<p>Zur Wahrung Ihrer Rechte (auch aus Nr. 1) k\u00f6nnen sie sich in Schrift- oder Textform an folgende Adresse wenden:<\/p>\r\n<p>E-Mail: coach@leuphana.de\r\n<br>Leuphana Universit\u00e4t L\u00fcneburg\r\n<br>Universit\u00e4tsallee 1\r\n<br>21335 L\u00fcneburg\r\n<\/p>\r\n\r\n<h2>3. Verantwortliche Stelle<\/h2>\r\n\r\n<p>Die f\u00fcr die Datenverarbeitung verantwortliche Stelle ist:\r\n<br>Leuphana Universit\u00e4t L\u00fcneburg\r\n<br>Universit\u00e4tsallee 1\r\n<br>21335 L\u00fcneburg\r\n<\/p>\r\n\r\n<h2>4. Datenerfassung<\/h2>\r\n\r\n<p>Im Rahmen der Studie werden folgende Daten zur Erf\u00fcllung der vertraglichen und gesetzlichen Regelungen folgende Datenkategorien: erhoben, gespeichert und verarbeitet:<\/p>\r\n<ul>\r\n\t<li>Teilnehmer-ID, Benutzername, Passwort und E-Mail-Adresse der Studienteilnehmenden<\/li>\r\n\t<li>Eingabefelder, die die Studienteilnehmenden bei einer Trainingsteilnahme bearbeiten (i.e. durch Anklicken ausw\u00e4hlen bzw. Texte, die Trainingsteilnehmenden in Eingabefelder innerhalb des Trainings schreiben, um \u00dcbungen zu bearbeiten)<\/li>\r\n\t<li>Inhalte aus E-Mails, die zwischen dem Studienteilnehmenden und Mitgliedern des jeweiligen Studienteams der Abteilung Gesundheitspsychologie und Angewandte Biologische Psychologie der Leuphana Universit\u00e4t L\u00fcneburg ausgetauscht werden (zur Studienadministration und ggf. im Rahmen des eCoachings)<\/li>\r\n\t<li>Fragebogendaten (i.e. gesundheitsbezogene Daten), die der Pr\u00fcfung der Erf\u00fcllung der Einschlusskriterien der Studie und der Evaluation des Trainings dienen sowie ggf. Daten aus halbsrukturierten Interviews<\/li>\r\n\t<li>Detaillog: Zugriff, User-Agent, IP, http, Status, Datumsstempel, Zeitnahmen<\/li>\r\n<\/ul>\r\n\r\n<p>Diese Daten werden vertraulich behandelt und ausschlie\u00dflich f\u00fcr wissenschaftliche Zwecke verwendet. Eine ausf\u00fchrliche Beschreibung finden Sie unter Nr. 5.\r\nDie Bereitstellung einer E-Mail-Adresse ist n\u00f6tig, um an der Studie teilnehmen zu k\u00f6nnen. Die Studienteilnehmenden haben jedoch die M\u00f6glichkeit, sich vorab eine anonyme E-Mail-Adresse anzulegen, die keine R\u00fcckschl\u00fcsse auf ihren Namen zul\u00e4sst.<\/p>\r\n\r\n<h2>5. Zweck der Datenverarbeitung<\/h2>\r\n\r\n<p>Die Abteilung f\u00fcr Gesundheitspsychologie und Angewandte Biologische Psychologie der Leuphana Universit\u00e4t L\u00fcneburg verarbeitet die in Nr. 4 genannten Daten. Teilnehmer-ID, Passwort und E-Mail-Adresse werden ben\u00f6tigt, um das Projektziel, i. e. die Nutzung der Online-Plattform, zu erf\u00fcllen. Texte, die Teilnehmenden innerhalb der Trainings erstellen, werden gespeichert, um das Projektziel, i. e. die M\u00f6glichkeit zur Nutzung der Online-Trainings und ggf. den Erhalt eines schriftlichen E-Mail-Feedbacks durch einen eCoach, zu erf\u00fcllen. Die Studienteilnehmenden k\u00f6nnen diese Daten jederzeit selbstst\u00e4ndig l\u00f6schen. Inhalte aus der E-Mail-Korrespondenz dienen dem technischen Support und der Erf\u00fcllung des Projektziels, i. e. ggf. eCoaching, Studienadministration, Beantwortung von Fragen im Laufe der Trainingsteilnahme. Fragebogendaten werden erhoben, um eine wissenschaftliche Evaluation der Wirksamkeit des Trainings vornehmen zu k\u00f6nnen. Teilnehmer-ID und E-Mail-Adresse werden ben\u00f6tigt, um zu mehreren Zeitpunkten Fragebogendaten erheben zu k\u00f6nnen. Die Studienteilnehmenden k\u00f6nnen jederzeit w\u00e4hrend und nach der Studienteilnahme ohne Angabe von Gr\u00fcnden und ohne dass ihnen dadurch Nachteile entstehen eine L\u00f6schung ihrer Fragebogendaten beantragen. Sollten Teilnehmende von der Studie zur\u00fccktreten wollen, k\u00f6nnen Sie entscheiden, ob die bereits vorliegenden Daten gel\u00f6scht werden sollen oder weiterverwendet werden d\u00fcrfen.<\/p>\r\n\r\n<h2>6. Daten\u00fcbermittlung<\/h2>\r\n\r\n<p>Eine Daten\u00fcbermittlung von nicht-anonymisierten Daten an Dritte findet nicht statt und ist auch nicht geplant.<\/p>\r\n\r\n<h2>7. Daten\u00fcbermittlung in ein Drittland<\/h2>\r\n\r\n<p>Eine Daten\u00fcbermittlung von nicht-anonymisierten Daten in Drittl\u00e4nder findet nicht statt und ist auch nicht geplant.<\/p>\r\n\r\n<h2>8. L\u00f6schfristen<\/h2>\r\n\r\n<p>Die von der Abteilung f\u00fcr Gesundheitspsychologie und Angewandte Biologische Psychologie der Leuphana Universit\u00e4t L\u00fcneburg gespeicherten personenbezogenen Daten werden nach Wegfall der in Nr. 5 genannten Zwecke bzw. nach Ablauf evtl. gesetzlicher Aufbewahrungsfristen gel\u00f6scht bzw. anonymisiert.<\/p>\r\n\r\n<h2>9. Hosting<\/h2>\r\n\r\n<p>Die Server der Abteilung f\u00fcr Gesundheitspsychologie der Leuphana Universit\u00e4t L\u00fcneburg stehen ausschlie\u00dflich in Deutschland, somit unterliegt das Institut nicht dem amerikanischen PATRIOT act.\r\nDie Registrierung zu dieser Studie erfolgt \u00fcber einen Webserver der Leuphana Universit\u00e4t L\u00fcneburg. Die Kommunikation mit dem Server und die \u00dcbertragung der Kontaktinformationen (E-Mail-Adresse und Teilnahmewunsch) erfolgen \u00fcber SSL-, bzw. TLS-verschl\u00fcsselte Verbindungen. Die Informationen werden in einer MySQL-Datenbank gespeichert. Der direkte Zugriff auf die Datenbank ist auf den Systemadministrator und ausgew\u00e4hlte Projektmitarbeiter beschr\u00e4nkt und mit einem Passwort gesichert.<br>\r\nDie Coaching-Plattform setzt auf dem Content Management System (CMS) WordPress auf und ist auf einem virtuellen Ubuntu-Server der Leuphana Universit\u00e4t L\u00fcneburg gehostet. Die Kommunikation mit dem System erfolgt \u00fcber SSL-, bzw. TLS-verschl\u00fcsselte Verbindungen.<br>\r\nDas Umfragesystem basiert auf dem quelloffenen Umfragetool \u201eLimesurvey\u201c und wird auf Servern der Leuphana Universit\u00e4t L\u00fcneburg gehostet. Die Kommunikation mit dem System erfolgt auch hier \u00fcber SSL-, bzw. TLS-verschl\u00fcsselte Verbindungen. Im Limesurvey-System werden die Daten in Form von E-Mail-Adresse zu IP-Adresse (Protokollierung des Teilnahmeeinverst\u00e4ndnisses) und Fragebogendaten (siehe Punkt 9) gespeichert. Die Zuordnung von E-Mail-Adressen zu Personen wird insofern erschwert, dass die Teilnehmer ermutigt werden, f\u00fcr die Teilnahme an der Studie eine E-Mail-Adresse zu erstellen oder zu verwenden, die keine R\u00fcckschl\u00fcsse auf ihre Person zul\u00e4sst.<br>\r\nZur gemeinsamen Arbeit am Projekt sowie im Speziellen zum Austausch von Dateien dient das System \u201eMydrive.Leuphana\u201c, welches auf Servern des Rechenzentrums der Leuphana Universit\u00e4t in L\u00fcneburg gehostet wird und dort sowohl physikalisch als auch netzwerktechnisch besonders gesichert wird. Alle \u00dcbertragungen erfolgen verschl\u00fcsselt mittels AES. Der Zugriff auf die myDrive Webseite ist mittels SSL abgesichert. Diese Standards werden z.B. auch bei Banken eingesetzt, um deren Daten und die der Kunden zu sch\u00fctzen. Die Server f\u00fcr den Dienst werden im eigenen Rechenzentrum der Leuphana Universit\u00e4t L\u00fcneburg betrieben und sind sowohl physikalisch als auch netzwerktechnisch besonders gesichert.<br>\r\nDer Mailverkehr in Bezug auf das Projekt l\u00e4uft ausschlie\u00dflich \u00fcber die dienstlichen Leuphana-Adressen der Projektbeteiligten. Die Mails werden sowohl auf den Servern der Leuphana Universit\u00e4t L\u00fcneburg als auch in verschl\u00fcsselten Form auf den Arbeitscomputern der Projektbeteiligten gespeichert. Die Kommunikation mit dem System erfolgt auch hier \u00fcber SSL-, bzw. TLS-verschl\u00fcsselte Verbindungen.<\/p>\r\n\r\n<p>Hier finden Sie die Kontaktdaten des Datenschutzbeauftragten der Leuphana Universit\u00e4t L\u00fcneburg:<\/p>\r\n<p>Thies Ove Zengel<br>\r\nUniversit\u00e4tsallee 1, C40.M16<br>\r\n21335 L\u00fcneburg<br>\r\nFon +49.4131.677-1557<br>\r\nFax +49.4131.677-2981<br>\r\nE-Mail: datenschutz@leuphana.de<br><\/p>\r\n\r\n<p>Sehen betroffene Personen beim Umgang mit ihren personenbezogenen Daten ihre Rechte nicht in vollem Umfang gewahrt, haben sie das Recht bei der f\u00fcr sie zust\u00e4ndigen Aufsichtsbeh\u00f6rde Beschwerde einzureichen.<\/p>\r\n\r\n<h2>An wen k\u00f6nnen Sie sich bei Fragen zur Online-Plattform und den Trainings wenden?<\/h2>\r\n\r\n<p>F\u00fcr Fragen und Anregungen steht Ihnen unser Studienteam gerne per E-Mail unter coach@leuphana.de zur Verf\u00fcgung.<\/p><div class=\"modal fade\" id=\"inactive-modal\" data-userlogged =\"0\"  role=\"dialog\" aria-labelledby=\"inactive-modal-label\"\n    aria-hidden=\"true\" hidden style=\"overflow: auto;\">\n    <div class=\"modal-dialog modal-lg modal-dialog-centered\" role=\"document\">\n        <div class=\"modal-content\">\n            <div class=\"modal-header\">\n                <h3 class=\"modal-title\" id=\"inactive-modal-title-label\">Zeit\u00fcberschreitung der Browsersitzung<\/h3>\n                <button type=\"button\" class=\"close\" data-dismiss=\"modal\" aria-label=\"Close\">\n                    <span aria-hidden=\"true\">&times;<\/span>\n                <\/button>\n            <\/div>\n            <div class=\"modal-body\">\n              <p class=\"mb-0\">Sie haben das System l\u00e4ngere Zeit nicht mehr genutzt. Aus Sicherheitsgr\u00fcnden werden Sie automatisch aus dem System abgemeldet.\n              <\/p>\n            <\/div>\n            <div class=\"modal-footer\">\n                    <button type=\"button\" class=\"btn btn-secondary mr-auto\" data-dismiss=\"modal\" style=\"float: left;\">Abbrechen<\/button>\n                    <button id=\"continue-session\" type=\"button\" class=\"btn btn-primary\" data-dismiss=\"modal\">Sitzung fortsetzen <span class=\"countdown\"><\/span><\/button>\n            <\/div>\n        <\/div>\n    <\/div>\n<\/div>\n\n\n<div class=\"modal fade\" id=\"logged-out-modal\" role=\"dialog\" aria-labelledby=\"logged-out-modal-label\"\n    aria-hidden=\"true\" hidden style=\"overflow: auto;\">\n    <div class=\"modal-dialog modal-lg modal-dialog-centered\" role=\"document\">\n        <div class=\"modal-content\">\n            <div class=\"modal-header\">\n                <h3 class=\"modal-title\" id=\"logged-out-modal-title-label\">Zeit\u00fcberschreitung der Browsersitzung<\/h3>\n                <button type=\"button\" class=\"close\" data-dismiss=\"modal\" aria-label=\"Close\">\n                    <span aria-hidden=\"true\">&times;<\/span>\n                <\/button>\n            <\/div>\n            <div class=\"modal-body\">\n              <p class=\"mb-0\">Sie haben das System l\u00e4ngere Zeit nicht mehr genutzt. Zu Ihrer eigenen Sicherheit wurden Sie daher automatisch aus dem System abgemeldet.\n              <\/p>\n            <\/div>\n            <div class=\"modal-footer\">\n                <a id=\"continue-session-done\" href=\"https:\/\/coachstaging.geton-training.de\" role=\"button\" class=\"btn btn-primary\">Zur Startseite<\/a>\n            <\/div>\n        <\/div>\n    <\/div>\n<\/div> ","protected":false},"excerpt":{"rendered":"Datenschutz Allgemeine Hinweise Diese Datenschutzerkl\u00e4rung erl\u00e4utert, wie wir, die Leuphana Universit\u00e4t L\u00fcneburg, im Rahmen einer Teilnahme an Online-Trainings der Abteilung Gesundheitspsychologie und Angewandte Biologische Psychologie auf dieser Seite Ihre personenbezogenen Daten verarbeiten. Die Nutzung eines Online-Trainings ist nur im Rahmen der Teilnahme an einer wissenschaftlichen Studie m\u00f6glich, f\u00fcr die wir Ihr Einverst\u00e4ndnis zur Datenverarbeitung ben\u00f6tigen.&hellip;","protected":false},"author":2,"featured_media":0,"parent":0,"menu_order":0,"comment_status":"closed","ping_status":"closed","template":"","meta":{"_acf_changed":false,"footnotes":""},"class_list":["post-1823","page","type-page","status-publish","hentry"],"acf":[],"_links":{"self":[{"href":"https:\/\/coachstaging.geton-training.de\/index.php?rest_route=\/wp\/v2\/pages\/1823","targetHints":{"allow":["GET"]}}],"collection":[{"href":"https:\/\/coachstaging.geton-training.de\/index.php?rest_route=\/wp\/v2\/pages"}],"about":[{"href":"https:\/\/coachstaging.geton-training.de\/index.php?rest_route=\/wp\/v2\/types\/page"}],"author":[{"embeddable":true,"href":"https:\/\/coachstaging.geton-training.de\/index.php?rest_route=\/wp\/v2\/users\/2"}],"replies":[{"embeddable":true,"href":"https:\/\/coachstaging.geton-training.de\/index.php?rest_route=%2Fwp%2Fv2%2Fcomments&post=1823"}],"version-history":[{"count":9,"href":"https:\/\/coachstaging.geton-training.de\/index.php?rest_route=\/wp\/v2\/pages\/1823\/revisions"}],"predecessor-version":[{"id":47820,"href":"https:\/\/coachstaging.geton-training.de\/index.php?rest_route=\/wp\/v2\/pages\/1823\/revisions\/47820"}],"wp:attachment":[{"href":"https:\/\/coachstaging.geton-training.de\/index.php?rest_route=%2Fwp%2Fv2%2Fmedia&parent=1823"}],"curies":[{"name":"wp","href":"https:\/\/api.w.org\/{rel}","templated":true}]}}