{"id":53,"date":"2016-10-19T14:08:35","date_gmt":"2016-10-19T12:08:35","guid":{"rendered":"https:\/\/coach.geton-training.de\/?page_id=53"},"modified":"2024-12-03T14:50:32","modified_gmt":"2024-12-03T13:50:32","slug":"startseite-2","status":"publish","type":"page","link":"https:\/\/coachstaging.geton-training.de\/","title":{"rendered":"Startseite"},"content":{"rendered":"<h1>GET.ON GesundheitsTraining.Online &#8211; ENTWICKLUNGSUMGEBUNG<\/h1>\r\n<p><\/p>\r\n\r\n<p>Auf dieser Trainingsplattform werden verschiedene Online-Gesundheitstrainings im Rahmen wissenschaftlicher Studien der Leuphana Universit\u00e4t L\u00fcneburg entwickelt und erprobt.<\/p>\r\n\r\n<p>Hilfestellungen zur Entwicklung neuer Trainings finden Sie hier:<\/p>\r\n<h3>\r\n<a href=\"https:\/\/bitbucket.org\/cosa1\/trainingssystem.v2\/wiki\/Home\" rel=\"noopener\" target=\"_blank\">Wiki zum Trainingssystem<\/a>\r\n<\/h3>\r\n\r\n<button data-link=\"https:\/\/coachstaging.geton-training.de\/?page_id=60\" data-id=\"252\" data-mode=\"single\" data-save=\"0\" name=\"submit\" type=\"button\" class=\"trainingssystem-demo-login-btn btn btn-primary btn-block\">Hier geht es zu einem Demo-Training<\/button>\n<div class=\"modal fade\" id=\"inactive-modal\" data-userlogged =\"0\"  role=\"dialog\" aria-labelledby=\"inactive-modal-label\"\n    aria-hidden=\"true\" hidden style=\"overflow: auto;\">\n    <div class=\"modal-dialog modal-lg modal-dialog-centered\" role=\"document\">\n        <div class=\"modal-content\">\n            <div class=\"modal-header\">\n                <h3 class=\"modal-title\" id=\"inactive-modal-title-label\">Zeit\u00fcberschreitung der Browsersitzung<\/h3>\n                <button type=\"button\" class=\"close\" data-dismiss=\"modal\" aria-label=\"Close\">\n                    <span aria-hidden=\"true\">&times;<\/span>\n                <\/button>\n            <\/div>\n            <div class=\"modal-body\">\n              <p class=\"mb-0\">Sie haben das System l\u00e4ngere Zeit nicht mehr genutzt. Aus Sicherheitsgr\u00fcnden werden Sie automatisch aus dem System abgemeldet.\n              <\/p>\n            <\/div>\n            <div class=\"modal-footer\">\n                    <button type=\"button\" class=\"btn btn-secondary mr-auto\" data-dismiss=\"modal\" style=\"float: left;\">Abbrechen<\/button>\n                    <button id=\"continue-session\" type=\"button\" class=\"btn btn-primary\" data-dismiss=\"modal\">Sitzung fortsetzen <span class=\"countdown\"><\/span><\/button>\n            <\/div>\n        <\/div>\n    <\/div>\n<\/div>\n\n\n<div class=\"modal fade\" id=\"logged-out-modal\" role=\"dialog\" aria-labelledby=\"logged-out-modal-label\"\n    aria-hidden=\"true\" hidden style=\"overflow: auto;\">\n    <div class=\"modal-dialog modal-lg modal-dialog-centered\" role=\"document\">\n        <div class=\"modal-content\">\n            <div class=\"modal-header\">\n                <h3 class=\"modal-title\" id=\"logged-out-modal-title-label\">Zeit\u00fcberschreitung der Browsersitzung<\/h3>\n                <button type=\"button\" class=\"close\" data-dismiss=\"modal\" aria-label=\"Close\">\n                    <span aria-hidden=\"true\">&times;<\/span>\n                <\/button>\n            <\/div>\n            <div class=\"modal-body\">\n              <p class=\"mb-0\">Sie haben das System l\u00e4ngere Zeit nicht mehr genutzt. Zu Ihrer eigenen Sicherheit wurden Sie daher automatisch aus dem System abgemeldet.\n              <\/p>\n            <\/div>\n            <div class=\"modal-footer\">\n                <a id=\"continue-session-done\" href=\"https:\/\/coachstaging.geton-training.de\" role=\"button\" class=\"btn btn-primary\">Zur Startseite<\/a>\n            <\/div>\n        <\/div>\n    <\/div>\n<\/div> ","protected":false},"excerpt":{"rendered":"GET.ON GesundheitsTraining.Online &#8211; ENTWICKLUNGSUMGEBUNG Auf dieser Trainingsplattform werden verschiedene Online-Gesundheitstrainings im Rahmen wissenschaftlicher Studien der Leuphana Universit\u00e4t L\u00fcneburg entwickelt und erprobt. Hilfestellungen zur Entwicklung neuer Trainings finden Sie hier: Wiki zum Trainingssystem Zeit\u00fcberschreitung der Browsersitzung &times; Sie haben das System l\u00e4ngere Zeit nicht mehr genutzt. Aus Sicherheitsgr\u00fcnden werden Sie automatisch aus dem System abgemeldet. Abbrechen&hellip;","protected":false},"author":2,"featured_media":0,"parent":0,"menu_order":0,"comment_status":"closed","ping_status":"closed","template":"","meta":{"_acf_changed":false,"footnotes":""},"class_list":["post-53","page","type-page","status-publish","hentry"],"acf":[],"_links":{"self":[{"href":"https:\/\/coachstaging.geton-training.de\/index.php?rest_route=\/wp\/v2\/pages\/53","targetHints":{"allow":["GET"]}}],"collection":[{"href":"https:\/\/coachstaging.geton-training.de\/index.php?rest_route=\/wp\/v2\/pages"}],"about":[{"href":"https:\/\/coachstaging.geton-training.de\/index.php?rest_route=\/wp\/v2\/types\/page"}],"author":[{"embeddable":true,"href":"https:\/\/coachstaging.geton-training.de\/index.php?rest_route=\/wp\/v2\/users\/2"}],"replies":[{"embeddable":true,"href":"https:\/\/coachstaging.geton-training.de\/index.php?rest_route=%2Fwp%2Fv2%2Fcomments&post=53"}],"version-history":[{"count":46,"href":"https:\/\/coachstaging.geton-training.de\/index.php?rest_route=\/wp\/v2\/pages\/53\/revisions"}],"predecessor-version":[{"id":61348,"href":"https:\/\/coachstaging.geton-training.de\/index.php?rest_route=\/wp\/v2\/pages\/53\/revisions\/61348"}],"wp:attachment":[{"href":"https:\/\/coachstaging.geton-training.de\/index.php?rest_route=%2Fwp%2Fv2%2Fmedia&parent=53"}],"curies":[{"name":"wp","href":"https:\/\/api.w.org\/{rel}","templated":true}]}}